{"id":219,"date":"2024-02-13T15:59:01","date_gmt":"2024-02-13T14:59:01","guid":{"rendered":"http:\/\/192.168.0.7\/?page_id=219"},"modified":"2024-02-15T21:16:48","modified_gmt":"2024-02-15T20:16:48","slug":"aktualis","status":"publish","type":"page","link":"https:\/\/euromethod.hu\/index.php\/aktualis\/","title":{"rendered":"Aktu\u00e1lis"},"content":{"rendered":"\n<div class=\"wp-block-cover\"><span aria-hidden=\"true\" class=\"wp-block-cover__background has-background-dim\"><\/span><img loading=\"lazy\" decoding=\"async\" width=\"953\" height=\"636\" class=\"wp-block-cover__image-background wp-image-225\" alt=\"\" src=\"http:\/\/192.168.0.7\/wp-content\/uploads\/2024\/02\/Jogi-megfeleles.jpg\" data-object-fit=\"cover\" srcset=\"https:\/\/euromethod.hu\/wp-content\/uploads\/2024\/02\/Jogi-megfeleles.jpg 953w, https:\/\/euromethod.hu\/wp-content\/uploads\/2024\/02\/Jogi-megfeleles-300x200.jpg 300w, https:\/\/euromethod.hu\/wp-content\/uploads\/2024\/02\/Jogi-megfeleles-768x513.jpg 768w\" sizes=\"auto, (max-width: 953px) 100vw, 953px\" \/><div class=\"wp-block-cover__inner-container is-layout-flow wp-block-cover-is-layout-flow\">\n<p class=\"has-text-align-center has-large-font-size\">Kiemelt \u00e1gazati v\u00e1llalkoz\u00e1sok <br>h\u00e1l\u00f3zati \u00e9s informatikai megfelel\u0151s\u00e9gi k\u00f6telezetts\u00e9ge<\/p>\n<\/div><\/div>\n\n\n\n<h3 class=\"wp-block-heading\">Az EU 2022 novemberben elfogadta a h\u00e1l\u00f3zati \u00e9s informatikai rendszerekre vonatkoz\u00f3 \u00fajabb szab\u00e1lyokat  <\/h3>\n\n\n\n<p>Az Eur\u00f3pai Bizotts\u00e1g NIS 2 ir\u00e1nyelve \u00f6sszefoglal\u00f3 kiberbiztons\u00e1gi int\u00e9zked\u00e9seket \u00e9s javaslatokat tartalmaz annak \u00e9rdek\u00e9ben, hogy tov\u00e1bb fejlessze a proakt\u00edv v\u00e9dekez\u00e9st \u00e9s az incidenskezel\u00e9si strat\u00e9gi\u00e1kat az illet\u00e9kes hat\u00f3s\u00e1gokkal, valamint \u00e1llami \u00e9s mag\u00e1nszervezetekkel. Az eredeti NIS ir\u00e1nyelv helyett tervezt\u00e9k, amelyet a COVID-19 pand\u00e9mia idej\u00e9n &#8211; ami teljesen \u00e1tform\u00e1lta a t\u00e1rsadalom kapcsolat\u00e1t a digit\u00e1lis vil\u00e1ggal &#8211; nem siker\u00fclt alkalmazni.<\/p>\n\n\n\n<p>A NIS 2 ir\u00e1nyelv igazodik az Eur\u00f3pai Bizotts\u00e1g t\u00f6rekv\u00e9s\u00e9hez, hogy v\u00e9delmezze Eur\u00f3p\u00e1t a digitalizmus kor\u00e1ban \u00e9s biztos\u00edtsa a gazdas\u00e1g j\u00f6v\u0151-\u00e1ll\u00f3s\u00e1g\u00e1t. Az Eur\u00f3pai Parlament 2022. november 10-\u00e9n fogadta el, majd november 28-\u00e1n a Tan\u00e1cs is, ezzel megkezdve a kor\u00e1bbi NIS ir\u00e1nyelv visszavon\u00e1s\u00e1t. A tag\u00e1llamok korm\u00e1nyzatai 2024. okt\u00f3ber 17-ig kaptak halad\u00e9kot a nemzeti jogszab\u00e1lyi h\u00e1tt\u00e9r megalkot\u00e1s\u00e1ra.<\/p>\n\n\n\n<p>A NIS 2 ir\u00e1nyelv tartalmazza azon szervezeteket, akikre a szab\u00e1lyokat alkalmazni kell. A kor\u00e1bbi szab\u00e1lyrendszerrel (NIS) szemben, amely a kiemelt infrastrukt\u00far\u00e1k v\u00e9delm\u00e9t k\u00edv\u00e1nta szab\u00e1lyozni, a jelenlegi a szervezetek \u00e1gazati k\u00f6r\u00e9t j\u00f3csk\u00e1n kib\u0151v\u00edtette. T\u00f6bbek k\u00f6z\u00f6tt ide tartozik a bankszektor, az eg\u00e9szs\u00e9g\u00fcgy, az alap infrastrukt\u00fara szolg\u00e1ltat\u00e1sok, az energiaszektor, a k\u00f6zigazgat\u00e1s, a fuvaroz\u00e1s \u00e9s a digit\u00e1lis infrastrukt\u00fara is. De kiterjed az \u00e9lelmiszeriparra, a hullad\u00e9kszolg\u00e1ltat\u00e1sra, a posta- \u00e9s fut\u00e1rszolg\u00e1latokra \u00e9s egy\u00e9n kritikus ipar\u00e1gakban (pl. gy\u00f3gyszer-, k\u00f6zleked\u00e9si-, elektronikai- \u00e9s optikai ipar, stb.) tev\u00e9kenyked\u0151 v\u00e1llalkoz\u00e1sokra is.<\/p>\n\n\n\n<p>Az \u00e9rintett v\u00e1llalkoz\u00e1soknak a jelenlegi magyar jogrend szab\u00e1lyoz\u00e1sa \u00e9rtelm\u00e9ben <strong>2024. j\u00fanius 30<\/strong>-ig \u00f6nazonos\u00edt\u00e1st \u00e9s biztons\u00e1gi oszt\u00e1lyba sorol\u00e1st kell v\u00e9gezni\u00fck, illetve biztons\u00e1g\u00e1\u00e9rt felel\u0151s szem\u00e9ly kell kijel\u00f6lni\u00fck (adatszolg\u00e1ltat\u00e1si k\u00f6telezetts\u00e9g az SZTFH r\u00e9sz\u00e9re), akiket a hat\u00f3s\u00e1g nyilv\u00e1ntart\u00e1sba vesz. Majd <strong>2024. okt\u00f3ber 18<\/strong>-t\u00f3l az \u00e9rintett szervezetek befizetik a NIS2 \u00e1ltal meghat\u00e1rozott fel\u00fcgyeleti d\u00edjat, tov\u00e1bb\u00e1 alkalmazz\u00e1k a k\u00f6telez\u0151en el\u0151\u00edrt v\u00e9delmi int\u00e9zked\u00e9seket, amelyeket addig megalkottak \u00e9s bevezettek m\u0171k\u00f6d\u00e9s\u00fckbe. Ut\u00e1na 2024. okt\u00f3ber 18. \u00e9s <strong>2024. december 31<\/strong>. k\u00f6z\u00f6tt szerz\u0151dni kell egy akkredit\u00e1lt auditorral, aki a megfelel\u0151 m\u0171k\u00f6d\u00e9s\u00fcket legk\u00e9s\u0151bb dokument\u00e1ltan <strong>2025. december 31<\/strong>-ig audit\u00e1lja.<\/p>\n\n\n\n<p><strong><em>Az alkalmazott rendszer elv\u00e1rt funkci\u00f3i: <\/em><\/strong><\/p>\n\n\n\n<ul class=\"wp-block-list\">\n<li>incidens eset\u00e9n 24 \u00f3r\u00e1n bel\u00fcli els\u0151 \u00e9rtes\u00edt\u00e9si k\u00f6telezetts\u00e9g a hat\u00f3s\u00e1gok fel\u00e9<\/li>\n\n\n\n<li>72 \u00f3r\u00e1n bel\u00fcl esem\u00e9ny-bejelent\u00e9si k\u00f6telezetts\u00e9g (t\u00e1mad\u00e1s \u00e9rt\u00e9kel\u00e9se, s\u00falyoss\u00e1ga, hat\u00e1sa)<\/li>\n\n\n\n<li>1 h\u00f3napon bel\u00fcli z\u00e1r\u00f3jelent\u00e9s k\u00f6telezetts\u00e9g<\/li>\n\n\n\n<li>inform\u00e1ci\u00f3biztons\u00e1g\u00e9rt felel\u0151s szem\u00e9lyt kell kijel\u00f6lni<\/li>\n\n\n\n<li>az adott biztons\u00e1gi oszt\u00e1lyhoz tartoz\u00f3 biztons\u00e1gi kontrollok implement\u00e1l\u00e1s\u00e1nak k\u00f6telezetts\u00e9ge<\/li>\n\n\n\n<li>kiberbiztons\u00e1g \u00e1tfog\u00f3 megk\u00f6zel\u00edt\u00e9se<\/li>\n\n\n\n<li>el kell v\u00e9gezni\u00fck az elektronikus inform\u00e1ci\u00f3s rendszerek \u00e9s az azokban kezelt adatok kock\u00e1zatelemz\u00e9s\u00e9t<\/li>\n\n\n\n<li>biztons\u00e1gi oszt\u00e1lyba kell sorolniuk az elektronikus inform\u00e1ci\u00f3s rendszereiket \u00e9s az azokban kezelt adatokat (alap, jelent\u0151s, magas)<\/li>\n\n\n\n<li>meg kell val\u00f3s\u00edtaniuk az ir\u00e1nyad\u00f3 biztons\u00e1gi oszt\u00e1lyokra el\u0151\u00edrt adminisztrat\u00edv, fizikai \u00e9s logikai v\u00e9delmi int\u00e9zked\u00e9seket<\/li>\n\n\n\n<li>kiberhigi\u00e9niai szakpolitika biztos\u00edt\u00e1sa<\/li>\n\n\n\n<li>kritikus incidensek azonos\u00edt\u00e1sa<\/li>\n\n\n\n<li>\u00e9rintett infrastrukt\u00far\u00e1k fejleszt\u00e9se<\/li>\n\n\n\n<li>informatikai biztons\u00e1gi szab\u00e1lyzat kidolgoz\u00e1sa (IBSZ)<\/li>\n\n\n\n<li>ell\u00e1t\u00e1si l\u00e1nc biztons\u00e1g\u00e1nak biztos\u00edt\u00e1sa<\/li>\n\n\n\n<li>incidensekre val\u00f3 reag\u00e1l\u00e1si terv kidolgoz\u00e1sa<\/li>\n\n\n\n<li>\u00fczletmenet-folytonoss\u00e1gi terv kidolgoz\u00e1sa (BCP \u2013 Business Continuity Plan) &#8211; tartal\u00e9krendszerek kezel\u00e9se<\/li>\n\n\n\n<li>katasztr\u00f3fa ut\u00e1ni helyre\u00e1ll\u00edt\u00e1si terv kidolgoz\u00e1sa (DRP \u2013 Disaster Recovery Plan)&nbsp;<\/li>\n\n\n\n<li>titkos\u00edt\u00e1si megold\u00e1sok alkalmaz\u00e1sa<\/li>\n\n\n\n<li>t\u00f6bbt\u00e9nyez\u0151s hiteles\u00edt\u00e9si vagy folyamatos hiteles\u00edt\u00e9si megold\u00e1sok<\/li>\n\n\n\n<li>biztons\u00e1gi kock\u00e1zat\u00e9rt\u00e9kel\u00e9sek elv\u00e9gz\u00e9se<\/li>\n\n\n\n<li>biztons\u00e1gos hang-, video- \u00e9s sz\u00f6veges kommunik\u00e1ci\u00f3 biztos\u00edt\u00e1sa<\/li>\n\n\n\n<li>a h\u00e1l\u00f3zat \u00e9s a teljes rendszer monitoroz\u00e1sa, fel\u00fcgyelete<\/li>\n\n\n\n<li>a munkav\u00e1llal\u00f3k \u00e9s a vezet\u0151k k\u00e9pz\u00e9se<\/li>\n\n\n\n<li>biztons\u00e1gos v\u00e9szhelyzeti kommunik\u00e1ci\u00f3s rendszerek haszn\u00e1lata a szervezeten bel\u00fcl<\/li>\n\n\n\n<li>s\u00e9r\u00fcl\u00e9kenys\u00e9gi vizsg\u00e1latok elv\u00e9gz\u00e9se<\/li>\n\n\n\n<li>nyilv\u00e1ntart\u00e1sba v\u00e9tel \u00e9rdek\u00e9ben az adatok megk\u00fcld\u00e9se az SZTFH r\u00e9sz\u00e9re<\/li>\n\n\n\n<li>2 \u00e9vente k\u00f6telez\u0151 audit\u00e1l\u00e1s (SZTFH \u00e1ltal nyilv\u00e1ntartott auditor \u00e1ltal)<\/li>\n\n\n\n<li>\u00e9ves kiberbiztons\u00e1gi fel\u00fcgyeleti d\u00edj befizet\u00e9se (az \u00e9rintett szervezet el\u0151z\u0151 \u00fczleti \u00e9vi nett\u00f3 \u00e1rbev\u00e9tel\u00e9nek legfeljebb 0,015%-a, de legfeljebb 10 milli\u00f3 forint)<\/li>\n<\/ul>\n\n\n\n<p>Aki mindezeknek nem tesz eleget, azt a jogszab\u00e1ly szerint &#8211; k\u00f6zigazgat\u00e1si b\u00edrs\u00e1ggal s\u00fajthatj\u00e1k. A b\u00fcntet\u00e9s m\u00e9rt\u00e9ke &#8222;szemmel l\u00e1that\u00f3&#8221; m\u00e9rt\u00e9k\u0171.<\/p>\n\n\n\n<p>Amennyiben tov\u00e1bbi inform\u00e1ci\u00f3kra van sz\u00fcks\u00e9ge, keressen fel benn\u00fcnket el\u00e9rhet\u0151s\u00e9geink valamelyik\u00e9n, vagy k\u00fcldj\u00f6n egy <a href=\"http:\/\/192.168.0.7\/index.php\/urlap\/\" data-type=\"page\" data-id=\"122\">kapcsolatfelv\u00e9teli k\u00e9r\u00e9st<\/a>.  <\/p>\n","protected":false},"excerpt":{"rendered":"<p>Az EU 2022 novemberben elfogadta a h\u00e1l\u00f3zati \u00e9s informatikai rendszerekre vonatkoz\u00f3 \u00fajabb szab\u00e1lyokat Az Eur\u00f3pai Bizotts\u00e1g NIS 2 ir\u00e1nyelve \u00f6sszefoglal\u00f3 [&hellip;]<\/p>\n","protected":false},"author":1,"featured_media":0,"parent":0,"menu_order":0,"comment_status":"closed","ping_status":"closed","template":"","meta":{"site-sidebar-layout":"default","site-content-layout":"","ast-site-content-layout":"default","site-content-style":"default","site-sidebar-style":"default","ast-global-header-display":"","ast-banner-title-visibility":"","ast-main-header-display":"","ast-hfb-above-header-display":"","ast-hfb-below-header-display":"","ast-hfb-mobile-header-display":"","site-post-title":"","ast-breadcrumbs-content":"","ast-featured-img":"","footer-sml-layout":"","theme-transparent-header-meta":"","adv-header-id-meta":"","stick-header-meta":"","header-above-stick-meta":"","header-main-stick-meta":"","header-below-stick-meta":"","astra-migrate-meta-layouts":"default","ast-page-background-enabled":"default","ast-page-background-meta":{"desktop":{"background-color":"var(--ast-global-color-4)","background-image":"","background-repeat":"repeat","background-position":"center center","background-size":"auto","background-attachment":"scroll","background-type":"","background-media":"","overlay-type":"","overlay-color":"","overlay-opacity":"","overlay-gradient":""},"tablet":{"background-color":"","background-image":"","background-repeat":"repeat","background-position":"center center","background-size":"auto","background-attachment":"scroll","background-type":"","background-media":"","overlay-type":"","overlay-color":"","overlay-opacity":"","overlay-gradient":""},"mobile":{"background-color":"","background-image":"","background-repeat":"repeat","background-position":"center center","background-size":"auto","background-attachment":"scroll","background-type":"","background-media":"","overlay-type":"","overlay-color":"","overlay-opacity":"","overlay-gradient":""}},"ast-content-background-meta":{"desktop":{"background-color":"var(--ast-global-color-5)","background-image":"","background-repeat":"repeat","background-position":"center center","background-size":"auto","background-attachment":"scroll","background-type":"","background-media":"","overlay-type":"","overlay-color":"","overlay-opacity":"","overlay-gradient":""},"tablet":{"background-color":"var(--ast-global-color-5)","background-image":"","background-repeat":"repeat","background-position":"center center","background-size":"auto","background-attachment":"scroll","background-type":"","background-media":"","overlay-type":"","overlay-color":"","overlay-opacity":"","overlay-gradient":""},"mobile":{"background-color":"var(--ast-global-color-5)","background-image":"","background-repeat":"repeat","background-position":"center center","background-size":"auto","background-attachment":"scroll","background-type":"","background-media":"","overlay-type":"","overlay-color":"","overlay-opacity":"","overlay-gradient":""}},"footnotes":""},"class_list":["post-219","page","type-page","status-publish","hentry"],"_links":{"self":[{"href":"https:\/\/euromethod.hu\/index.php\/wp-json\/wp\/v2\/pages\/219","targetHints":{"allow":["GET"]}}],"collection":[{"href":"https:\/\/euromethod.hu\/index.php\/wp-json\/wp\/v2\/pages"}],"about":[{"href":"https:\/\/euromethod.hu\/index.php\/wp-json\/wp\/v2\/types\/page"}],"author":[{"embeddable":true,"href":"https:\/\/euromethod.hu\/index.php\/wp-json\/wp\/v2\/users\/1"}],"replies":[{"embeddable":true,"href":"https:\/\/euromethod.hu\/index.php\/wp-json\/wp\/v2\/comments?post=219"}],"version-history":[{"count":4,"href":"https:\/\/euromethod.hu\/index.php\/wp-json\/wp\/v2\/pages\/219\/revisions"}],"predecessor-version":[{"id":240,"href":"https:\/\/euromethod.hu\/index.php\/wp-json\/wp\/v2\/pages\/219\/revisions\/240"}],"wp:attachment":[{"href":"https:\/\/euromethod.hu\/index.php\/wp-json\/wp\/v2\/media?parent=219"}],"curies":[{"name":"wp","href":"https:\/\/api.w.org\/{rel}","templated":true}]}}