{"id":7,"date":"2024-01-21T19:50:45","date_gmt":"2024-01-21T18:50:45","guid":{"rendered":"http:\/\/192.168.0.7\/?page_id=7"},"modified":"2024-02-15T09:11:13","modified_gmt":"2024-02-15T08:11:13","slug":"home","status":"publish","type":"page","link":"https:\/\/euromethod.hu\/","title":{"rendered":"Kezd\u0151lap"},"content":{"rendered":"\n<div class=\"wp-block-cover alignfull\" style=\"min-height:425px;aspect-ratio:unset;\"><span aria-hidden=\"true\" class=\"wp-block-cover__background has-background-dim-100 has-background-dim has-background-gradient has-midnight-gradient-background\"><\/span><div class=\"wp-block-cover__inner-container is-layout-flow wp-block-cover-is-layout-flow\">\n<div class=\"inherit-container-width wp-block-group alignwide is-layout-constrained wp-block-group-is-layout-constrained\">\n<figure class=\"wp-block-gallery has-nested-images columns-default is-cropped wp-block-gallery-1 is-layout-flex wp-block-gallery-is-layout-flex\">\n<figure class=\"wp-block-image size-large is-style-default\"><img loading=\"lazy\" decoding=\"async\" width=\"816\" height=\"500\" data-id=\"63\" src=\"http:\/\/192.168.0.7\/wp-content\/uploads\/2024\/02\/consulting.png\" alt=\"\" class=\"wp-image-63\" srcset=\"https:\/\/euromethod.hu\/wp-content\/uploads\/2024\/02\/consulting.png 816w, https:\/\/euromethod.hu\/wp-content\/uploads\/2024\/02\/consulting-300x184.png 300w, https:\/\/euromethod.hu\/wp-content\/uploads\/2024\/02\/consulting-768x471.png 768w\" sizes=\"auto, (max-width: 816px) 100vw, 816px\" \/><\/figure>\n<\/figure>\n<\/div>\n<\/div><\/div>\n\n\n\n<div class=\"wp-block-group alignfull has-ast-global-color-5-background-color has-background is-layout-constrained wp-container-core-group-is-layout-9cedb757 wp-block-group-is-layout-constrained\" style=\"padding-bottom:0px\">\n<div class=\"wp-block-columns are-vertically-aligned-top is-layout-flex wp-container-core-columns-is-layout-00723822 wp-block-columns-is-layout-flex\">\n<div class=\"wp-block-column is-vertically-aligned-top is-layout-flow wp-container-core-column-is-layout-6b73ce23 wp-block-column-is-layout-flow\">\n<figure class=\"wp-block-image size-full is-resized\"><img loading=\"lazy\" decoding=\"async\" width=\"883\" height=\"664\" src=\"http:\/\/192.168.0.7\/wp-content\/uploads\/2024\/02\/Szolgaltatasok_1.jpg\" alt=\"\" class=\"wp-image-90\" style=\"width:132px;height:auto\" srcset=\"https:\/\/euromethod.hu\/wp-content\/uploads\/2024\/02\/Szolgaltatasok_1.jpg 883w, https:\/\/euromethod.hu\/wp-content\/uploads\/2024\/02\/Szolgaltatasok_1-300x226.jpg 300w, https:\/\/euromethod.hu\/wp-content\/uploads\/2024\/02\/Szolgaltatasok_1-768x578.jpg 768w\" sizes=\"auto, (max-width: 883px) 100vw, 883px\" \/><\/figure>\n\n\n\n<h3 class=\"wp-block-heading has-text-align-left\" style=\"margin-top:16px\">Szolg\u00e1ltat\u00e1sok<\/h3>\n\n\n\n<p class=\"has-text-align-left\">Szakmai tapasztalatunkkal \u00e9s objekt\u00edv l\u00e1t\u00e1sm\u00f3dunkkal k\u00e9pesek vagyunk v\u00e1llalkoz\u00e1suk sz\u00e1m\u00e1ra objekt\u00edv el\u0151ny\u00f6ket biztos\u00edtani.<\/p>\n<\/div>\n\n\n\n<div class=\"wp-block-column is-vertically-aligned-top is-layout-flow wp-container-core-column-is-layout-6b73ce23 wp-block-column-is-layout-flow\">\n<figure class=\"wp-block-image size-full is-resized\"><img loading=\"lazy\" decoding=\"async\" width=\"785\" height=\"635\" src=\"http:\/\/192.168.0.7\/wp-content\/uploads\/2024\/02\/Tanacsadas.jpg\" alt=\"\" class=\"wp-image-91\" style=\"width:120px;height:auto\" srcset=\"https:\/\/euromethod.hu\/wp-content\/uploads\/2024\/02\/Tanacsadas.jpg 785w, https:\/\/euromethod.hu\/wp-content\/uploads\/2024\/02\/Tanacsadas-300x243.jpg 300w, https:\/\/euromethod.hu\/wp-content\/uploads\/2024\/02\/Tanacsadas-768x621.jpg 768w\" sizes=\"auto, (max-width: 785px) 100vw, 785px\" \/><\/figure>\n\n\n\n<h3 class=\"wp-block-heading has-text-align-left\" style=\"margin-top:16px\">Tan\u00e1csad\u00e1s<\/h3>\n\n\n\n<p class=\"has-text-align-left\">Szem\u00e9lyes, l\u00e9nyegre t\u00f6r\u0151, c\u00e9lzott tan\u00e1csad\u00e1ssal seg\u00edt\u00fcnk a vezet\u0151k sz\u00e1m\u00e1ra a jogszer\u0171 \u00e9s hat\u00e9kony munkak\u00f6rnyezet \u00fczemeltet\u00e9s\u00e9\u00e9rt.<\/p>\n<\/div>\n\n\n\n<div class=\"wp-block-column is-vertically-aligned-top is-layout-flow wp-container-core-column-is-layout-6b73ce23 wp-block-column-is-layout-flow\">\n<figure class=\"wp-block-image size-full is-resized\"><img loading=\"lazy\" decoding=\"async\" width=\"722\" height=\"706\" src=\"http:\/\/192.168.0.7\/wp-content\/uploads\/2024\/02\/Oktatas.jpg\" alt=\"\" class=\"wp-image-88\" style=\"width:97px;height:auto\" srcset=\"https:\/\/euromethod.hu\/wp-content\/uploads\/2024\/02\/Oktatas.jpg 722w, https:\/\/euromethod.hu\/wp-content\/uploads\/2024\/02\/Oktatas-300x293.jpg 300w\" sizes=\"auto, (max-width: 722px) 100vw, 722px\" \/><\/figure>\n\n\n\n<h3 class=\"wp-block-heading has-text-align-left\" style=\"margin-top:16px\">Oktat\u00e1s<\/h3>\n\n\n\n<p class=\"has-text-align-left\">Egy\u00e9ni \u00e9s\/vagy kiscsoportos oktat\u00e1sok keret\u00e9ben tudatos\u00edtjuk a dolgoz\u00f3kkal feladatuk megval\u00f3s\u00edt\u00e1s\u00e1nak m\u00f3dszereit, \u00e9s szerep\u00fck fontoss\u00e1g\u00e1t.<\/p>\n<\/div>\n\n\n\n<div class=\"wp-block-column is-vertically-aligned-top is-layout-flow wp-container-core-column-is-layout-6b73ce23 wp-block-column-is-layout-flow\">\n<figure class=\"wp-block-image size-full is-resized\"><img loading=\"lazy\" decoding=\"async\" width=\"725\" height=\"702\" src=\"http:\/\/192.168.0.7\/wp-content\/uploads\/2024\/02\/Partnerek.jpg\" alt=\"\" class=\"wp-image-89\" style=\"width:97px;height:auto\" srcset=\"https:\/\/euromethod.hu\/wp-content\/uploads\/2024\/02\/Partnerek.jpg 725w, https:\/\/euromethod.hu\/wp-content\/uploads\/2024\/02\/Partnerek-300x290.jpg 300w\" sizes=\"auto, (max-width: 725px) 100vw, 725px\" \/><\/figure>\n\n\n\n<h3 class=\"wp-block-heading has-text-align-left\" style=\"margin-top:16px\">\u00dczleti partnereink<\/h3>\n\n\n\n<p class=\"has-text-align-left\">Jellemz\u0151en a kis- \u00e9s k\u00f6z\u00e9pv\u00e1llalkoz\u00e1sok sz\u00e1m\u00e1ra  adunk tan\u00e1csokat.<\/p>\n<\/div>\n<\/div>\n<\/div>\n\n\n\n<div class=\"wp-block-group alignfull is-layout-constrained wp-container-core-group-is-layout-45b0ac4f wp-block-group-is-layout-constrained\" id=\"services\" style=\"padding-top:144px;padding-bottom:0px\">\n<h2 class=\"wp-block-heading\">Szolg\u00e1ltat\u00e1sok<\/h2>\n\n\n\n<div class=\"wp-block-columns is-layout-flex wp-container-core-columns-is-layout-60cbf9bb wp-block-columns-is-layout-flex\" style=\"margin-top:50px\">\n<div class=\"wp-block-column is-layout-flow wp-container-core-column-is-layout-6b73ce23 wp-block-column-is-layout-flow\">\n<figure class=\"wp-block-image size-full is-style-default\"><img loading=\"lazy\" decoding=\"async\" width=\"1970\" height=\"2560\" src=\"http:\/\/192.168.0.7\/wp-content\/uploads\/2024\/02\/Szolgaltatasok-scaled.jpg\" alt=\"\" class=\"wp-image-50\" srcset=\"https:\/\/euromethod.hu\/wp-content\/uploads\/2024\/02\/Szolgaltatasok-scaled.jpg 1970w, https:\/\/euromethod.hu\/wp-content\/uploads\/2024\/02\/Szolgaltatasok-231x300.jpg 231w, https:\/\/euromethod.hu\/wp-content\/uploads\/2024\/02\/Szolgaltatasok-788x1024.jpg 788w, https:\/\/euromethod.hu\/wp-content\/uploads\/2024\/02\/Szolgaltatasok-768x998.jpg 768w, https:\/\/euromethod.hu\/wp-content\/uploads\/2024\/02\/Szolgaltatasok-1182x1536.jpg 1182w, https:\/\/euromethod.hu\/wp-content\/uploads\/2024\/02\/Szolgaltatasok-1576x2048.jpg 1576w\" sizes=\"auto, (max-width: 1970px) 100vw, 1970px\" \/><\/figure>\n\n\n\n<h3 class=\"wp-block-heading\" style=\"margin-top:16px\">Folyamatszab\u00e1lyoz\u00e1s<\/h3>\n\n\n\n<p>A szervezet m\u0171k\u00f6d\u00e9s\u00e9t a f\u0151tev\u00e9kenys\u00e9get szab\u00e1lyoz\u00f3 \u00fczleti \u00e9s azokat t\u00e1mogat\u00f3 folyamatok ir\u00e1ny\u00edtj\u00e1k. A folyamatok optimaliz\u00e1l\u00e1s\u00e1ban tudunk seg\u00edteni az \u00fczleti folyamatszab\u00e1lyoz\u00e1s (BPM) m\u00f3dszer\u00e9vel.<\/p>\n<\/div>\n\n\n\n<div class=\"wp-block-column is-layout-flow wp-container-core-column-is-layout-6b73ce23 wp-block-column-is-layout-flow\">\n<figure class=\"wp-block-image size-full\"><img loading=\"lazy\" decoding=\"async\" width=\"1970\" height=\"2560\" src=\"http:\/\/192.168.0.7\/wp-content\/uploads\/2024\/02\/ISO-1-scaled.jpg\" alt=\"\" class=\"wp-image-53\" srcset=\"https:\/\/euromethod.hu\/wp-content\/uploads\/2024\/02\/ISO-1-scaled.jpg 1970w, https:\/\/euromethod.hu\/wp-content\/uploads\/2024\/02\/ISO-1-231x300.jpg 231w, https:\/\/euromethod.hu\/wp-content\/uploads\/2024\/02\/ISO-1-788x1024.jpg 788w, https:\/\/euromethod.hu\/wp-content\/uploads\/2024\/02\/ISO-1-768x998.jpg 768w, https:\/\/euromethod.hu\/wp-content\/uploads\/2024\/02\/ISO-1-1182x1536.jpg 1182w, https:\/\/euromethod.hu\/wp-content\/uploads\/2024\/02\/ISO-1-1576x2048.jpg 1576w\" sizes=\"auto, (max-width: 1970px) 100vw, 1970px\" \/><\/figure>\n\n\n\n<h3 class=\"wp-block-heading\" style=\"margin-top:16px\">Ir\u00e1ny\u00edt\u00e1si rendszer ki\u00e9p\u00edt\u00e9s<\/h3>\n\n\n\n<p>A folyamatok rendszerbe integr\u00e1l\u00e1s\u00e1t, illetve ezen rendszer nemzeti \u00e9s nemzetk\u00f6zi szab\u00e1lyokhoz igaz\u00edt\u00e1s\u00e1ban tudunk \u00d6n\u00f6knek seg\u00edteni. Az elv\u00e1r\u00e1si ig\u00e9ny lehet polg\u00e1ri szabv\u00e1nyhoz igaz\u00edtott (pl. ISO 9001); lehet inform\u00e1ci\u00f3biztons\u00e1gi (ak\u00e1r TISAX is) \u00e9s lehet katonai szabv\u00e1ny (AQAP) szerinti is. <\/p>\n<\/div>\n\n\n\n<div class=\"wp-block-column is-layout-flow wp-container-core-column-is-layout-6b73ce23 wp-block-column-is-layout-flow\">\n<figure class=\"wp-block-image size-full\"><img loading=\"lazy\" decoding=\"async\" width=\"648\" height=\"838\" src=\"http:\/\/192.168.0.7\/wp-content\/uploads\/2024\/02\/Kepernyokep-2024-02-05-203808.png\" alt=\"\" class=\"wp-image-47\" srcset=\"https:\/\/euromethod.hu\/wp-content\/uploads\/2024\/02\/Kepernyokep-2024-02-05-203808.png 648w, https:\/\/euromethod.hu\/wp-content\/uploads\/2024\/02\/Kepernyokep-2024-02-05-203808-232x300.png 232w\" sizes=\"auto, (max-width: 648px) 100vw, 648px\" \/><\/figure>\n\n\n\n<h3 class=\"wp-block-heading\" style=\"margin-top:16px\">Informatikai tan\u00e1csad\u00e1s<\/h3>\n\n\n\n<p>Egyre fontosabb folyamatokat \u00e9s adatokat b\u00edznak partnereink informatikai rendszerekre. A saj\u00e1t inform\u00e1ci\u00f3 lassan a legfontosabb vagyont\u00e1rgya egy v\u00e1llalkoz\u00e1snak. Az informatikai rendszerek kialak\u00edt\u00e1s\u00e1ban tudunk seg\u00edteni \u00d6n\u00f6knek. <\/p>\n<\/div>\n<\/div>\n<\/div>\n\n\n\n<div class=\"wp-block-group alignfull has-ast-global-color-5-background-color has-background is-layout-constrained wp-container-core-group-is-layout-94d206d0 wp-block-group-is-layout-constrained\" id=\"about\" style=\"padding-top:143px;padding-bottom:144px\">\n<div class=\"wp-block-media-text has-media-on-the-right is-stacked-on-mobile is-vertically-aligned-center\" style=\"grid-template-columns:auto 36%\"><div class=\"wp-block-media-text__content\">\n<div class=\"inherit-container-width wp-block-group is-layout-constrained wp-container-core-group-is-layout-47ce07ec wp-block-group-is-layout-constrained\" style=\"padding-right:80px\">\n<h2 class=\"wp-block-heading\" style=\"padding-right:40px\">Mert vel\u00fcnk egyszer\u0171bb<\/h2>\n\n\n\n<p>A vezet\u0151k sz\u00e1m\u00e1ra seg\u00edt\u00fcnk a v\u00e1llalkoz\u00e1s er\u0151ss\u00e9geinek, gyenges\u00e9geinek, lehet\u0151s\u00e9geinek \u00e9s vesz\u00e9lyeinek (SWOT) megismer\u00e9s\u00e9ben, kezel\u00e9s\u00e9ben \u00e9s a strat\u00e9gia megalkot\u00e1s\u00e1ban.<\/p>\n\n\n\n<p>A fentiek ut\u00e1n a szervezetet fenyeget\u0151 kock\u00e1zatok azonos\u00edt\u00e1s\u00e1ban, kezel\u00e9s\u00e9ben vagyunk k\u00e9pesek l\u00e9p\u00e9sr\u0151l l\u00e9p\u00e9sre el\u0151bbre jutni a c\u00e9g vezet\u0151ivel \u00e9s dolgoz\u00f3ival k\u00f6z\u00f6sen.<\/p>\n\n\n\n<p>A v\u00e9gs\u0151 c\u00e9l a m\u0171k\u00f6d\u00e9s kock\u00e1zatainak minimaliz\u00e1l\u00e1sa, valamint a tudatos \u00e9s optim\u00e1lis m\u0171k\u00f6d\u00e9si k\u00f6rnyezet fel\u00e9p\u00edt\u00e9se \u00e9s m\u0171k\u00f6dtet\u00e9se.<\/p>\n<\/div>\n<\/div><figure class=\"wp-block-media-text__media\"><img decoding=\"async\" src=\"http:\/\/192.168.0.7\/wp-content\/themes\/astra\/inc\/assets\/images\/starter-content\/about-us.jpg\" alt=\"\" class=\"wp-image-237 size-full\"\/><\/figure><\/div>\n<\/div>\n\n\n\n<div class=\"wp-block-group alignfull is-layout-constrained wp-container-core-group-is-layout-3fee123f wp-block-group-is-layout-constrained\" id=\"whyus\" style=\"padding-top:144px;padding-bottom:144px\">\n<h2 class=\"wp-block-heading\">Mi\u00e9rt minket v\u00e1lasszon?<\/h2>\n\n\n\n<div class=\"wp-block-columns is-layout-flex wp-container-core-columns-is-layout-29aadeec wp-block-columns-is-layout-flex\" style=\"margin-top:60px\">\n<div class=\"wp-block-column is-layout-flow wp-container-core-column-is-layout-6b73ce23 wp-block-column-is-layout-flow\">\n<figure class=\"wp-block-image size-full is-resized\"><img loading=\"lazy\" decoding=\"async\" width=\"866\" height=\"737\" src=\"http:\/\/192.168.0.7\/wp-content\/uploads\/2024\/02\/Elkotelezettseg.jpg\" alt=\"\" class=\"wp-image-104\" style=\"width:133px;height:auto\" srcset=\"https:\/\/euromethod.hu\/wp-content\/uploads\/2024\/02\/Elkotelezettseg.jpg 866w, https:\/\/euromethod.hu\/wp-content\/uploads\/2024\/02\/Elkotelezettseg-300x255.jpg 300w, https:\/\/euromethod.hu\/wp-content\/uploads\/2024\/02\/Elkotelezettseg-768x654.jpg 768w\" sizes=\"auto, (max-width: 866px) 100vw, 866px\" \/><\/figure>\n\n\n\n<h3 class=\"wp-block-heading\" style=\"margin-top:16px\">Elk\u00f6telezetts\u00e9g<\/h3>\n\n\n\n<p>V\u00e1llalkoz\u00e1sunk minden dolgoz\u00f3ja elk\u00f6telezett a k\u00f6z\u00f6s siker \u00e9s a vev\u0151i el\u00e9gedetts\u00e9g megszerz\u00e9se ir\u00e1nt.<\/p>\n<\/div>\n\n\n\n<div class=\"wp-block-column is-layout-flow wp-container-core-column-is-layout-6b73ce23 wp-block-column-is-layout-flow\">\n<figure class=\"wp-block-image size-full is-resized\"><img loading=\"lazy\" decoding=\"async\" width=\"667\" height=\"772\" src=\"http:\/\/192.168.0.7\/wp-content\/uploads\/2024\/02\/Szaktudas.jpg\" alt=\"\" class=\"wp-image-103\" style=\"width:96px;height:auto\" srcset=\"https:\/\/euromethod.hu\/wp-content\/uploads\/2024\/02\/Szaktudas.jpg 667w, https:\/\/euromethod.hu\/wp-content\/uploads\/2024\/02\/Szaktudas-259x300.jpg 259w\" sizes=\"auto, (max-width: 667px) 100vw, 667px\" \/><\/figure>\n\n\n\n<h3 class=\"wp-block-heading\" style=\"margin-top:16px\">Szaktud\u00e1s, tapasztalat<\/h3>\n\n\n\n<p>Szakembereink naprak\u00e9sz ismeretekkel, \u00e9s t\u00f6bb, mint 30 \u00e9ves szakmai tapasztalattal rendelkeznek.<\/p>\n<\/div>\n\n\n\n<div class=\"wp-block-column is-layout-flow wp-container-core-column-is-layout-6b73ce23 wp-block-column-is-layout-flow\">\n<figure class=\"wp-block-image size-full is-resized\"><img loading=\"lazy\" decoding=\"async\" width=\"619\" height=\"595\" src=\"http:\/\/192.168.0.7\/wp-content\/uploads\/2024\/02\/Tamogatas.jpg\" alt=\"\" class=\"wp-image-102\" style=\"width:112px;height:auto\" srcset=\"https:\/\/euromethod.hu\/wp-content\/uploads\/2024\/02\/Tamogatas.jpg 619w, https:\/\/euromethod.hu\/wp-content\/uploads\/2024\/02\/Tamogatas-300x288.jpg 300w\" sizes=\"auto, (max-width: 619px) 100vw, 619px\" \/><\/figure>\n\n\n\n<h3 class=\"wp-block-heading\" style=\"margin-top:16px\">T\u00e1mogat\u00e1s<\/h3>\n\n\n\n<p>A projektek sor\u00e1n fel\u00e9p\u00edtett folyamatok, rendszerek \u00fczemeltet\u00e9s\u00e9ben \u00e9s tov\u00e1bbfejleszt\u00e9s\u00e9ben partnerei tudunk lenni v\u00e1llalkoz\u00e1s\u00e1nak. <\/p>\n<\/div>\n<\/div>\n<\/div>\n\n\n\n<div class=\"wp-block-group alignfull has-ast-global-color-4-background-color has-background is-layout-constrained wp-container-core-group-is-layout-6a2cfb7b wp-block-group-is-layout-constrained\" id=\"reviews\">\n<p class=\"has-text-align-center\" style=\"font-size:22px;line-height:1.6\"><strong>&#8222;Ha \u00f6sszej\u00f6v\u00fcnk, az a kezdet, <br>ha \u00f6sszetartunk, az a halad\u00e1s, <br>ha \u00f6sszefogunk, az a siker.&#8221;<\/strong><\/p>\n\n\n\n<p class=\"has-text-align-center\"><strong>Henry Ford<\/strong><\/p>\n<\/div>\n\n\n\n<div class=\"wp-block-group alignfull has-midnight-gradient-background has-background is-layout-constrained wp-container-core-group-is-layout-cfcca693 wp-block-group-is-layout-constrained\" id=\"contact\" style=\"padding-top:104px;padding-bottom:104px\">\n<h2 class=\"wp-block-heading has-text-align-center has-text-color has-x-large-font-size\" style=\"color:#ffffff\">Fejl\u0151dj\u00f6n vel\u00fcnk k\u00f6z\u00f6sen<\/h2>\n\n\n\n<div class=\"wp-block-buttons alignwide is-content-justification-center is-layout-flex wp-container-core-buttons-is-layout-a89b3969 wp-block-buttons-is-layout-flex\">\n<div class=\"wp-block-button is-style-fill\"><a class=\"wp-block-button__link has-ast-global-color-5-color has-black-background-color has-text-color has-background has-link-color has-text-align-center wp-element-button\" href=\"http:\/\/192.168.0.7\/index.php\/urlap\/\">Kapcsolatfelv\u00e9tel<\/a><\/div>\n<\/div>\n<\/div>\n","protected":false},"excerpt":{"rendered":"<p>Szolg\u00e1ltat\u00e1sok Szakmai tapasztalatunkkal \u00e9s objekt\u00edv l\u00e1t\u00e1sm\u00f3dunkkal k\u00e9pesek vagyunk v\u00e1llalkoz\u00e1suk sz\u00e1m\u00e1ra objekt\u00edv el\u0151ny\u00f6ket biztos\u00edtani. Tan\u00e1csad\u00e1s Szem\u00e9lyes, l\u00e9nyegre t\u00f6r\u0151, c\u00e9lzott tan\u00e1csad\u00e1ssal seg\u00edt\u00fcnk [&hellip;]<\/p>\n","protected":false},"author":1,"featured_media":0,"parent":0,"menu_order":0,"comment_status":"closed","ping_status":"closed","template":"","meta":{"site-sidebar-layout":"no-sidebar","site-content-layout":"plain-container","ast-site-content-layout":"default","site-content-style":"default","site-sidebar-style":"default","ast-global-header-display":"","ast-banner-title-visibility":"","ast-main-header-display":"","ast-hfb-above-header-display":"","ast-hfb-below-header-display":"","ast-hfb-mobile-header-display":"","site-post-title":"disabled","ast-breadcrumbs-content":"","ast-featured-img":"","footer-sml-layout":"","theme-transparent-header-meta":"enabled","adv-header-id-meta":"","stick-header-meta":"","header-above-stick-meta":"","header-main-stick-meta":"","header-below-stick-meta":"","astra-migrate-meta-layouts":"default","ast-page-background-enabled":"default","ast-page-background-meta":{"desktop":{"background-color":"var(--ast-global-color-4)","background-image":"","background-repeat":"repeat","background-position":"center center","background-size":"auto","background-attachment":"scroll","background-type":"","background-media":"","overlay-type":"","overlay-color":"","overlay-opacity":"","overlay-gradient":""},"tablet":{"background-color":"","background-image":"","background-repeat":"repeat","background-position":"center center","background-size":"auto","background-attachment":"scroll","background-type":"","background-media":"","overlay-type":"","overlay-color":"","overlay-opacity":"","overlay-gradient":""},"mobile":{"background-color":"","background-image":"","background-repeat":"repeat","background-position":"center center","background-size":"auto","background-attachment":"scroll","background-type":"","background-media":"","overlay-type":"","overlay-color":"","overlay-opacity":"","overlay-gradient":""}},"ast-content-background-meta":{"desktop":{"background-color":"var(--ast-global-color-5)","background-image":"","background-repeat":"repeat","background-position":"center center","background-size":"auto","background-attachment":"scroll","background-type":"","background-media":"","overlay-type":"","overlay-color":"","overlay-opacity":"","overlay-gradient":""},"tablet":{"background-color":"var(--ast-global-color-5)","background-image":"","background-repeat":"repeat","background-position":"center center","background-size":"auto","background-attachment":"scroll","background-type":"","background-media":"","overlay-type":"","overlay-color":"","overlay-opacity":"","overlay-gradient":""},"mobile":{"background-color":"var(--ast-global-color-5)","background-image":"","background-repeat":"repeat","background-position":"center center","background-size":"auto","background-attachment":"scroll","background-type":"","background-media":"","overlay-type":"","overlay-color":"","overlay-opacity":"","overlay-gradient":""}},"footnotes":""},"class_list":["post-7","page","type-page","status-publish","hentry"],"_links":{"self":[{"href":"https:\/\/euromethod.hu\/index.php\/wp-json\/wp\/v2\/pages\/7","targetHints":{"allow":["GET"]}}],"collection":[{"href":"https:\/\/euromethod.hu\/index.php\/wp-json\/wp\/v2\/pages"}],"about":[{"href":"https:\/\/euromethod.hu\/index.php\/wp-json\/wp\/v2\/types\/page"}],"author":[{"embeddable":true,"href":"https:\/\/euromethod.hu\/index.php\/wp-json\/wp\/v2\/users\/1"}],"replies":[{"embeddable":true,"href":"https:\/\/euromethod.hu\/index.php\/wp-json\/wp\/v2\/comments?post=7"}],"version-history":[{"count":28,"href":"https:\/\/euromethod.hu\/index.php\/wp-json\/wp\/v2\/pages\/7\/revisions"}],"predecessor-version":[{"id":231,"href":"https:\/\/euromethod.hu\/index.php\/wp-json\/wp\/v2\/pages\/7\/revisions\/231"}],"wp:attachment":[{"href":"https:\/\/euromethod.hu\/index.php\/wp-json\/wp\/v2\/media?parent=7"}],"curies":[{"name":"wp","href":"https:\/\/api.w.org\/{rel}","templated":true}]}}